{"id":12,"date":"2026-02-11T02:51:42","date_gmt":"2026-02-11T02:51:42","guid":{"rendered":"https:\/\/keypointsoficial.com.br\/loja\/?post_type=product&#038;p=12"},"modified":"2026-03-30T19:49:09","modified_gmt":"2026-03-30T19:49:09","slug":"keypoints-completo-6-steps","status":"publish","type":"product","link":"https:\/\/keypointsoficial.com.br\/loja\/product\/keypoints-completo-6-steps\/","title":{"rendered":"KeyPoints Completo \u2014 6 Steps"},"content":{"rendered":"<p>Imers\u00e3o completa de 6 Steps com Dr. Carlos Bautzer. 100% hands-on. Inclui todos os m\u00f3dulos: Toxina, \u00c1cido Hialur\u00f4nico, Bioestimuladores, Fios, Enzimas e Drug Delivery.<\/p>\n","protected":false},"excerpt":{"rendered":"<p>Imers\u00e3o completa de 6 Steps com Dr. Carlos Bautzer. 100% hands-on. Inclui todos os m\u00f3dulos: Toxina, \u00c1cido Hialur\u00f4nico, Bioestimuladores, Fios, Enzimas e Drug Delivery.<\/p>\n","protected":false},"featured_media":63,"comment_status":"open","ping_status":"closed","template":"","meta":[],"product_brand":[],"product_cat":[20],"product_tag":[],"class_list":{"0":"post-12","1":"product","2":"type-product","3":"status-publish","4":"has-post-thumbnail","6":"product_cat-cursos-2","8":"first","9":"instock","10":"sale","11":"downloadable","12":"virtual","13":"purchasable","14":"product-type-simple"},"_links":{"self":[{"href":"https:\/\/keypointsoficial.com.br\/loja\/wp-json\/wp\/v2\/product\/12","targetHints":{"allow":["GET"]}}],"collection":[{"href":"https:\/\/keypointsoficial.com.br\/loja\/wp-json\/wp\/v2\/product"}],"about":[{"href":"https:\/\/keypointsoficial.com.br\/loja\/wp-json\/wp\/v2\/types\/product"}],"replies":[{"embeddable":true,"href":"https:\/\/keypointsoficial.com.br\/loja\/wp-json\/wp\/v2\/comments?post=12"}],"wp:featuredmedia":[{"embeddable":true,"href":"https:\/\/keypointsoficial.com.br\/loja\/wp-json\/wp\/v2\/media\/63"}],"wp:attachment":[{"href":"https:\/\/keypointsoficial.com.br\/loja\/wp-json\/wp\/v2\/media?parent=12"}],"wp:term":[{"taxonomy":"product_brand","embeddable":true,"href":"https:\/\/keypointsoficial.com.br\/loja\/wp-json\/wp\/v2\/product_brand?post=12"},{"taxonomy":"product_cat","embeddable":true,"href":"https:\/\/keypointsoficial.com.br\/loja\/wp-json\/wp\/v2\/product_cat?post=12"},{"taxonomy":"product_tag","embeddable":true,"href":"https:\/\/keypointsoficial.com.br\/loja\/wp-json\/wp\/v2\/product_tag?post=12"}],"curies":[{"name":"wp","href":"https:\/\/api.w.org\/{rel}","templated":true}]}}