{"id":121,"date":"2026-03-30T19:23:29","date_gmt":"2026-03-30T19:23:29","guid":{"rendered":"https:\/\/keypointsoficial.com.br\/loja\/?post_type=product&#038;p=121"},"modified":"2026-03-30T19:48:27","modified_gmt":"2026-03-30T19:48:27","slug":"brazilian-butt-lift-dr-carlos-bautzer","status":"publish","type":"product","link":"https:\/\/keypointsoficial.com.br\/loja\/product\/brazilian-butt-lift-dr-carlos-bautzer\/","title":{"rendered":"Brazilian Butt Lift &#8211; Dr. Carlos Bautzer"},"content":{"rendered":"<p class=\"text-size-chat leading-relaxed extension:leading-normal my-2\">No dia\u00a0<strong>13 de junho de 2026<\/strong>, voc\u00ea estar\u00e1 dentro do centro cir\u00fargico acompanhando, em tempo real, as decis\u00f5es t\u00e9cnicas que elevam previsibilidade, seguran\u00e7a e resultado est\u00e9tico.<\/p>\n<h3 class=\"font-semibold _headingInlineCode_tcy7y_49 text-size-chat mt-3 mb-1.5\">Para quem \u00e9 este curso<\/h3>\n<p class=\"text-size-chat leading-relaxed extension:leading-normal my-2\">Exclusivo para\u00a0<strong>cirurgi\u00f5es pl\u00e1sticos titulados<\/strong>\u00a0que desejam dominar o Brazilian Butt Lift com t\u00e9cnica refinada, protocolo claro e execu\u00e7\u00e3o de alto padr\u00e3o.<\/p>\n<h3 class=\"font-semibold _headingInlineCode_tcy7y_49 text-size-chat mt-3 mb-1.5\">O que voc\u00ea vai aprender na pr\u00e1tica<\/h3>\n<ul class=\"text-size-chat leading-relaxed extension:leading-normal mt-0 mb-4  list-disc pl-4\">\n<li class=\"text-size-chat leading-relaxed extension:leading-normal mb-1.5\">Planejamento cir\u00fargico e marca\u00e7\u00e3o estrat\u00e9gica<\/li>\n<li class=\"text-size-chat leading-relaxed extension:leading-normal mb-1.5\">Sele\u00e7\u00e3o de pr\u00f3tese por biotipo e objetivo est\u00e9tico<\/li>\n<li class=\"text-size-chat leading-relaxed extension:leading-normal mb-1.5\">Passo a passo t\u00e9cnico em 2 cirurgias ao vivo<\/li>\n<li class=\"text-size-chat leading-relaxed extension:leading-normal mb-1.5\">Manejo de riscos e preven\u00e7\u00e3o de complica\u00e7\u00f5es<\/li>\n<li class=\"text-size-chat leading-relaxed extension:leading-normal mb-1.5\">Condutas de p\u00f3s-operat\u00f3rio para resultados consistentes<\/li>\n<\/ul>\n<h3 class=\"font-semibold _headingInlineCode_tcy7y_49 text-size-chat mt-3 mb-1.5\">O que est\u00e1 incluso<\/h3>\n<ul class=\"text-size-chat leading-relaxed extension:leading-normal mt-0 mb-4  list-disc pl-4\">\n<li class=\"text-size-chat leading-relaxed extension:leading-normal mb-1.5\">Acesso presencial ao centro cir\u00fargico (formato observer)<\/li>\n<li class=\"text-size-chat leading-relaxed extension:leading-normal mb-1.5\">Material t\u00e9cnico complementar<\/li>\n<li class=\"text-size-chat leading-relaxed extension:leading-normal mb-1.5\">Ebook exclusivo da t\u00e9cnica BBL<\/li>\n<li class=\"text-size-chat leading-relaxed extension:leading-normal mb-1.5\">Certificado de participa\u00e7\u00e3o<\/li>\n<li class=\"text-size-chat leading-relaxed extension:leading-normal mb-1.5\">Networking com grupo seleto de profissionais<\/li>\n<\/ul>\n","protected":false},"excerpt":{"rendered":"<p>No dia\u00a013 de junho de 2026, voc\u00ea estar\u00e1 dentro do centro cir\u00fargico acompanhando, em tempo real, as decis\u00f5es t\u00e9cnicas que elevam previsibilidade, seguran\u00e7a e resultado est\u00e9tico. Para quem \u00e9 este curso Exclusivo para\u00a0cirurgi\u00f5es pl\u00e1sticos titulados\u00a0que desejam dominar o Brazilian Butt Lift com t\u00e9cnica refinada, protocolo claro e execu\u00e7\u00e3o de alto padr\u00e3o. O que voc\u00ea vai [&hellip;]<\/p>\n","protected":false},"featured_media":122,"comment_status":"open","ping_status":"closed","template":"","meta":[],"product_brand":[],"product_cat":[20],"product_tag":[],"class_list":{"0":"post-121","1":"product","2":"type-product","3":"status-publish","4":"has-post-thumbnail","6":"product_cat-cursos-2","8":"first","9":"instock","10":"downloadable","11":"virtual","12":"purchasable","13":"product-type-simple"},"_links":{"self":[{"href":"https:\/\/keypointsoficial.com.br\/loja\/wp-json\/wp\/v2\/product\/121","targetHints":{"allow":["GET"]}}],"collection":[{"href":"https:\/\/keypointsoficial.com.br\/loja\/wp-json\/wp\/v2\/product"}],"about":[{"href":"https:\/\/keypointsoficial.com.br\/loja\/wp-json\/wp\/v2\/types\/product"}],"replies":[{"embeddable":true,"href":"https:\/\/keypointsoficial.com.br\/loja\/wp-json\/wp\/v2\/comments?post=121"}],"wp:featuredmedia":[{"embeddable":true,"href":"https:\/\/keypointsoficial.com.br\/loja\/wp-json\/wp\/v2\/media\/122"}],"wp:attachment":[{"href":"https:\/\/keypointsoficial.com.br\/loja\/wp-json\/wp\/v2\/media?parent=121"}],"wp:term":[{"taxonomy":"product_brand","embeddable":true,"href":"https:\/\/keypointsoficial.com.br\/loja\/wp-json\/wp\/v2\/product_brand?post=121"},{"taxonomy":"product_cat","embeddable":true,"href":"https:\/\/keypointsoficial.com.br\/loja\/wp-json\/wp\/v2\/product_cat?post=121"},{"taxonomy":"product_tag","embeddable":true,"href":"https:\/\/keypointsoficial.com.br\/loja\/wp-json\/wp\/v2\/product_tag?post=121"}],"curies":[{"name":"wp","href":"https:\/\/api.w.org\/{rel}","templated":true}]}}