{"id":81,"date":"2026-02-16T03:56:42","date_gmt":"2026-02-16T03:56:42","guid":{"rendered":"https:\/\/keypointsoficial.com.br\/loja\/?post_type=product&#038;p=81"},"modified":"2026-03-30T19:48:47","modified_gmt":"2026-03-30T19:48:47","slug":"fellowship-keypoints-mentoria-em-clinica","status":"publish","type":"product","link":"https:\/\/keypointsoficial.com.br\/loja\/product\/fellowship-keypoints-mentoria-em-clinica\/","title":{"rendered":"Fellowship KeyPoints Mentoria em Cl\u00ednica"},"content":{"rendered":"<p>O Fellowship Cl\u00ednico oferece uma imers\u00e3o direta no Instituto KeyPoints. Acompanhe a rotina de alta performance, domine a anatomia facial aplicada e entenda o racioc\u00ednio t\u00e9cnico por tr\u00e1s de cada decis\u00e3o para resultados de excel\u00eancia em naturaliza\u00e7\u00e3o facial.<\/p>\n","protected":false},"excerpt":{"rendered":"<p>O Fellowship Cl\u00ednico oferece uma imers\u00e3o direta no Instituto KeyPoints. Acompanhe a rotina de alta performance, domine a anatomia facial aplicada e entenda o racioc\u00ednio t\u00e9cnico por tr\u00e1s de cada decis\u00e3o para resultados de excel\u00eancia em naturaliza\u00e7\u00e3o facial.<\/p>\n","protected":false},"featured_media":83,"comment_status":"open","ping_status":"closed","template":"","meta":[],"product_brand":[],"product_cat":[20],"product_tag":[],"class_list":{"0":"post-81","1":"product","2":"type-product","3":"status-publish","4":"has-post-thumbnail","6":"product_cat-cursos-2","8":"first","9":"instock","10":"downloadable","11":"virtual","12":"purchasable","13":"product-type-simple"},"_links":{"self":[{"href":"https:\/\/keypointsoficial.com.br\/loja\/wp-json\/wp\/v2\/product\/81","targetHints":{"allow":["GET"]}}],"collection":[{"href":"https:\/\/keypointsoficial.com.br\/loja\/wp-json\/wp\/v2\/product"}],"about":[{"href":"https:\/\/keypointsoficial.com.br\/loja\/wp-json\/wp\/v2\/types\/product"}],"replies":[{"embeddable":true,"href":"https:\/\/keypointsoficial.com.br\/loja\/wp-json\/wp\/v2\/comments?post=81"}],"wp:featuredmedia":[{"embeddable":true,"href":"https:\/\/keypointsoficial.com.br\/loja\/wp-json\/wp\/v2\/media\/83"}],"wp:attachment":[{"href":"https:\/\/keypointsoficial.com.br\/loja\/wp-json\/wp\/v2\/media?parent=81"}],"wp:term":[{"taxonomy":"product_brand","embeddable":true,"href":"https:\/\/keypointsoficial.com.br\/loja\/wp-json\/wp\/v2\/product_brand?post=81"},{"taxonomy":"product_cat","embeddable":true,"href":"https:\/\/keypointsoficial.com.br\/loja\/wp-json\/wp\/v2\/product_cat?post=81"},{"taxonomy":"product_tag","embeddable":true,"href":"https:\/\/keypointsoficial.com.br\/loja\/wp-json\/wp\/v2\/product_tag?post=81"}],"curies":[{"name":"wp","href":"https:\/\/api.w.org\/{rel}","templated":true}]}}