{"id":84,"date":"2026-02-16T03:57:47","date_gmt":"2026-02-16T03:57:47","guid":{"rendered":"https:\/\/keypointsoficial.com.br\/loja\/?post_type=product&#038;p=84"},"modified":"2026-03-30T19:48:36","modified_gmt":"2026-03-30T19:48:36","slug":"fellowship-cirurgico-mentoria-em-cirurgia","status":"publish","type":"product","link":"https:\/\/keypointsoficial.com.br\/loja\/product\/fellowship-cirurgico-mentoria-em-cirurgia\/","title":{"rendered":"Fellowship Cir\u00fargico Mentoria em Cirurgia"},"content":{"rendered":"<p>O dom\u00ednio do centro cir\u00fargico requer imers\u00e3o t\u00e9cnica e controle absoluto de cada vari\u00e1vel anat\u00f4mica. O Fellowship Cir\u00fargico proporciona acesso direto aos bastidores de procedimentos avan\u00e7ados da face, com foco total na seguran\u00e7a e no refinamento t\u00e9cnico.<\/p>\n","protected":false},"excerpt":{"rendered":"<p>O dom\u00ednio do centro cir\u00fargico requer imers\u00e3o t\u00e9cnica e controle absoluto de cada vari\u00e1vel anat\u00f4mica. O Fellowship Cir\u00fargico proporciona acesso direto aos bastidores de procedimentos avan\u00e7ados da face, com foco total na seguran\u00e7a e no refinamento t\u00e9cnico.<\/p>\n","protected":false},"featured_media":82,"comment_status":"open","ping_status":"closed","template":"","meta":[],"product_brand":[],"product_cat":[20],"product_tag":[],"class_list":{"0":"post-84","1":"product","2":"type-product","3":"status-publish","4":"has-post-thumbnail","6":"product_cat-cursos-2","8":"first","9":"instock","10":"downloadable","11":"virtual","12":"purchasable","13":"product-type-simple"},"_links":{"self":[{"href":"https:\/\/keypointsoficial.com.br\/loja\/wp-json\/wp\/v2\/product\/84","targetHints":{"allow":["GET"]}}],"collection":[{"href":"https:\/\/keypointsoficial.com.br\/loja\/wp-json\/wp\/v2\/product"}],"about":[{"href":"https:\/\/keypointsoficial.com.br\/loja\/wp-json\/wp\/v2\/types\/product"}],"replies":[{"embeddable":true,"href":"https:\/\/keypointsoficial.com.br\/loja\/wp-json\/wp\/v2\/comments?post=84"}],"wp:featuredmedia":[{"embeddable":true,"href":"https:\/\/keypointsoficial.com.br\/loja\/wp-json\/wp\/v2\/media\/82"}],"wp:attachment":[{"href":"https:\/\/keypointsoficial.com.br\/loja\/wp-json\/wp\/v2\/media?parent=84"}],"wp:term":[{"taxonomy":"product_brand","embeddable":true,"href":"https:\/\/keypointsoficial.com.br\/loja\/wp-json\/wp\/v2\/product_brand?post=84"},{"taxonomy":"product_cat","embeddable":true,"href":"https:\/\/keypointsoficial.com.br\/loja\/wp-json\/wp\/v2\/product_cat?post=84"},{"taxonomy":"product_tag","embeddable":true,"href":"https:\/\/keypointsoficial.com.br\/loja\/wp-json\/wp\/v2\/product_tag?post=84"}],"curies":[{"name":"wp","href":"https:\/\/api.w.org\/{rel}","templated":true}]}}